{"id":7,"date":"2018-07-20T12:43:25","date_gmt":"2018-07-20T10:43:25","guid":{"rendered":"https:\/\/truhlarstvitkz.cz\/?page_id=7"},"modified":"2024-03-24T20:03:30","modified_gmt":"2024-03-24T19:03:30","slug":"galerie","status":"publish","type":"page","link":"https:\/\/truhlarstvitkz.cz\/","title":{"rendered":"O SPOLE\u010cNOSTI"},"content":{"rendered":"\n<p><\/p>\n\n\n\n<figure class=\"wp-block-image size-full\"><img loading=\"lazy\" decoding=\"async\" width=\"502\" height=\"489\" src=\"https:\/\/truhlarstvitkz.cz\/wp-content\/uploads\/2024\/03\/truhlarstvi-tkz.jpg\" alt=\"\" class=\"wp-image-312\" srcset=\"https:\/\/truhlarstvitkz.cz\/wp-content\/uploads\/2024\/03\/truhlarstvi-tkz.jpg 502w, https:\/\/truhlarstvitkz.cz\/wp-content\/uploads\/2024\/03\/truhlarstvi-tkz-300x292.jpg 300w\" sizes=\"auto, (max-width: 502px) 100vw, 502px\" \/><\/figure>\n\n\n\n<p><\/p>\n\n\n\n<p><strong>KONTAKTN\u00cd \u00daDAJE<\/strong><\/p>\n\n\n\n<p>email: info@truhlarstvitkz.cz<\/p>\n\n\n\n<p>telefonn\u00ed \u010d\u00edslo: +420 733 776 016<\/p>\n\n\n\n<p><strong>PROVOZOVNA:<\/strong><\/p>\n\n\n\n<p>Adresa:<\/p>\n\n\n\n<p>Truhl\u00e1\u0159stv\u00ed TKZ s.r.o.<br><\/p>\n\n\n\n<p>Havl\u00ed\u010dkova 1720<br>583 01 Chot\u011bbo\u0159<\/p>\n\n\n\n<p><\/p>\n\n\n\n<p><\/p>\n\n\n\n<p><strong>S\u00eddlo spole\u010dnosti:<\/strong><\/p>\n\n\n\n<p>Truhl\u00e1\u0159stv\u00ed TKZ s.r.o.<br>Doln\u00ed Vestec 8<br>583 01 Slav\u00edkov<\/p>\n\n\n\n<p>I\u010c: 09771590<br>DI\u010c: CZ09771590<\/p>\n","protected":false},"excerpt":{"rendered":"<p>KONTAKTN\u00cd \u00daDAJE email: info@truhlarstvitkz.cz telefonn\u00ed \u010d\u00edslo: +420 733 776 016 PROVOZOVNA: Adresa: Truhl\u00e1\u0159stv\u00ed TKZ s.r.o. Havl\u00ed\u010dkova 1720583 01 Chot\u011bbo\u0159 S\u00eddlo spole\u010dnosti: Truhl\u00e1\u0159stv\u00ed TKZ s.r.o.Doln\u00ed Vestec 8583 01 Slav\u00edkov I\u010c: 09771590DI\u010c: CZ09771590<\/p>\n","protected":false},"author":1,"featured_media":0,"parent":0,"menu_order":0,"comment_status":"closed","ping_status":"closed","template":"","meta":{"footnotes":""},"class_list":["post-7","page","type-page","status-publish","hentry"],"yoast_head":"<!-- This site is optimized with the Yoast SEO plugin v27.4 - https:\/\/yoast.com\/product\/yoast-seo-wordpress\/ -->\n<title>O SPOLE\u010cNOSTI - Truhl\u00e1\u0159stv\u00ed TKZ s.r.o.<\/title>\n<meta name=\"robots\" content=\"index, follow, max-snippet:-1, max-image-preview:large, max-video-preview:-1\" \/>\n<link rel=\"canonical\" href=\"https:\/\/truhlarstvitkz.cz\/\" \/>\n<meta property=\"og:locale\" content=\"cs_CZ\" \/>\n<meta property=\"og:type\" content=\"article\" \/>\n<meta property=\"og:title\" content=\"O SPOLE\u010cNOSTI - Truhl\u00e1\u0159stv\u00ed TKZ s.r.o.\" \/>\n<meta property=\"og:description\" content=\"KONTAKTN\u00cd \u00daDAJE email: info@truhlarstvitkz.cz telefonn\u00ed \u010d\u00edslo: +420 733 776 016 PROVOZOVNA: Adresa: Truhl\u00e1\u0159stv\u00ed TKZ s.r.o. Havl\u00ed\u010dkova 1720583 01 Chot\u011bbo\u0159 S\u00eddlo spole\u010dnosti: Truhl\u00e1\u0159stv\u00ed TKZ s.r.o.Doln\u00ed Vestec 8583 01 Slav\u00edkov I\u010c: 09771590DI\u010c: CZ09771590\" \/>\n<meta property=\"og:url\" content=\"https:\/\/truhlarstvitkz.cz\/\" \/>\n<meta property=\"og:site_name\" content=\"Truhl\u00e1\u0159stv\u00ed TKZ s.r.o.\" \/>\n<meta property=\"article:modified_time\" content=\"2024-03-24T19:03:30+00:00\" \/>\n<meta property=\"og:image\" content=\"https:\/\/truhlarstvitkz.cz\/wp-content\/uploads\/2024\/03\/truhlarstvi-tkz.jpg\" \/>\n<meta name=\"twitter:card\" content=\"summary_large_image\" \/>\n<meta name=\"twitter:label1\" content=\"Odhadovan\u00e1 doba \u010dten\u00ed\" \/>\n\t<meta name=\"twitter:data1\" content=\"1 minuta\" \/>\n<script type=\"application\/ld+json\" class=\"yoast-schema-graph\">{\"@context\":\"https:\\\/\\\/schema.org\",\"@graph\":[{\"@type\":\"WebPage\",\"@id\":\"https:\\\/\\\/truhlarstvitkz.cz\\\/\",\"url\":\"https:\\\/\\\/truhlarstvitkz.cz\\\/\",\"name\":\"O SPOLE\u010cNOSTI - Truhl\u00e1\u0159stv\u00ed TKZ s.r.o.\",\"isPartOf\":{\"@id\":\"https:\\\/\\\/truhlarstvitkz.cz\\\/#website\"},\"primaryImageOfPage\":{\"@id\":\"https:\\\/\\\/truhlarstvitkz.cz\\\/#primaryimage\"},\"image\":{\"@id\":\"https:\\\/\\\/truhlarstvitkz.cz\\\/#primaryimage\"},\"thumbnailUrl\":\"https:\\\/\\\/truhlarstvitkz.cz\\\/wp-content\\\/uploads\\\/2024\\\/03\\\/truhlarstvi-tkz.jpg\",\"datePublished\":\"2018-07-20T10:43:25+00:00\",\"dateModified\":\"2024-03-24T19:03:30+00:00\",\"inLanguage\":\"cs\",\"potentialAction\":[{\"@type\":\"ReadAction\",\"target\":[\"https:\\\/\\\/truhlarstvitkz.cz\\\/\"]}]},{\"@type\":\"ImageObject\",\"inLanguage\":\"cs\",\"@id\":\"https:\\\/\\\/truhlarstvitkz.cz\\\/#primaryimage\",\"url\":\"https:\\\/\\\/truhlarstvitkz.cz\\\/wp-content\\\/uploads\\\/2024\\\/03\\\/truhlarstvi-tkz.jpg\",\"contentUrl\":\"https:\\\/\\\/truhlarstvitkz.cz\\\/wp-content\\\/uploads\\\/2024\\\/03\\\/truhlarstvi-tkz.jpg\",\"width\":502,\"height\":489},{\"@type\":\"WebSite\",\"@id\":\"https:\\\/\\\/truhlarstvitkz.cz\\\/#website\",\"url\":\"https:\\\/\\\/truhlarstvitkz.cz\\\/\",\"name\":\"Truhl\u00e1\u0159stv\u00ed TKZ s.r.o.\",\"description\":\"V\u00fdroba n\u00e1bytku\",\"potentialAction\":[{\"@type\":\"SearchAction\",\"target\":{\"@type\":\"EntryPoint\",\"urlTemplate\":\"https:\\\/\\\/truhlarstvitkz.cz\\\/?s={search_term_string}\"},\"query-input\":{\"@type\":\"PropertyValueSpecification\",\"valueRequired\":true,\"valueName\":\"search_term_string\"}}],\"inLanguage\":\"cs\"}]}<\/script>\n<!-- \/ Yoast SEO plugin. -->","yoast_head_json":{"title":"O SPOLE\u010cNOSTI - Truhl\u00e1\u0159stv\u00ed TKZ s.r.o.","robots":{"index":"index","follow":"follow","max-snippet":"max-snippet:-1","max-image-preview":"max-image-preview:large","max-video-preview":"max-video-preview:-1"},"canonical":"https:\/\/truhlarstvitkz.cz\/","og_locale":"cs_CZ","og_type":"article","og_title":"O SPOLE\u010cNOSTI - Truhl\u00e1\u0159stv\u00ed TKZ s.r.o.","og_description":"KONTAKTN\u00cd \u00daDAJE email: info@truhlarstvitkz.cz telefonn\u00ed \u010d\u00edslo: +420 733 776 016 PROVOZOVNA: Adresa: Truhl\u00e1\u0159stv\u00ed TKZ s.r.o. Havl\u00ed\u010dkova 1720583 01 Chot\u011bbo\u0159 S\u00eddlo spole\u010dnosti: Truhl\u00e1\u0159stv\u00ed TKZ s.r.o.Doln\u00ed Vestec 8583 01 Slav\u00edkov I\u010c: 09771590DI\u010c: CZ09771590","og_url":"https:\/\/truhlarstvitkz.cz\/","og_site_name":"Truhl\u00e1\u0159stv\u00ed TKZ s.r.o.","article_modified_time":"2024-03-24T19:03:30+00:00","og_image":[{"url":"https:\/\/truhlarstvitkz.cz\/wp-content\/uploads\/2024\/03\/truhlarstvi-tkz.jpg","type":"","width":"","height":""}],"twitter_card":"summary_large_image","twitter_misc":{"Odhadovan\u00e1 doba \u010dten\u00ed":"1 minuta"},"schema":{"@context":"https:\/\/schema.org","@graph":[{"@type":"WebPage","@id":"https:\/\/truhlarstvitkz.cz\/","url":"https:\/\/truhlarstvitkz.cz\/","name":"O SPOLE\u010cNOSTI - Truhl\u00e1\u0159stv\u00ed TKZ s.r.o.","isPartOf":{"@id":"https:\/\/truhlarstvitkz.cz\/#website"},"primaryImageOfPage":{"@id":"https:\/\/truhlarstvitkz.cz\/#primaryimage"},"image":{"@id":"https:\/\/truhlarstvitkz.cz\/#primaryimage"},"thumbnailUrl":"https:\/\/truhlarstvitkz.cz\/wp-content\/uploads\/2024\/03\/truhlarstvi-tkz.jpg","datePublished":"2018-07-20T10:43:25+00:00","dateModified":"2024-03-24T19:03:30+00:00","inLanguage":"cs","potentialAction":[{"@type":"ReadAction","target":["https:\/\/truhlarstvitkz.cz\/"]}]},{"@type":"ImageObject","inLanguage":"cs","@id":"https:\/\/truhlarstvitkz.cz\/#primaryimage","url":"https:\/\/truhlarstvitkz.cz\/wp-content\/uploads\/2024\/03\/truhlarstvi-tkz.jpg","contentUrl":"https:\/\/truhlarstvitkz.cz\/wp-content\/uploads\/2024\/03\/truhlarstvi-tkz.jpg","width":502,"height":489},{"@type":"WebSite","@id":"https:\/\/truhlarstvitkz.cz\/#website","url":"https:\/\/truhlarstvitkz.cz\/","name":"Truhl\u00e1\u0159stv\u00ed TKZ s.r.o.","description":"V\u00fdroba n\u00e1bytku","potentialAction":[{"@type":"SearchAction","target":{"@type":"EntryPoint","urlTemplate":"https:\/\/truhlarstvitkz.cz\/?s={search_term_string}"},"query-input":{"@type":"PropertyValueSpecification","valueRequired":true,"valueName":"search_term_string"}}],"inLanguage":"cs"}]}},"_links":{"self":[{"href":"https:\/\/truhlarstvitkz.cz\/index.php\/wp-json\/wp\/v2\/pages\/7","targetHints":{"allow":["GET"]}}],"collection":[{"href":"https:\/\/truhlarstvitkz.cz\/index.php\/wp-json\/wp\/v2\/pages"}],"about":[{"href":"https:\/\/truhlarstvitkz.cz\/index.php\/wp-json\/wp\/v2\/types\/page"}],"author":[{"embeddable":true,"href":"https:\/\/truhlarstvitkz.cz\/index.php\/wp-json\/wp\/v2\/users\/1"}],"replies":[{"embeddable":true,"href":"https:\/\/truhlarstvitkz.cz\/index.php\/wp-json\/wp\/v2\/comments?post=7"}],"version-history":[{"count":111,"href":"https:\/\/truhlarstvitkz.cz\/index.php\/wp-json\/wp\/v2\/pages\/7\/revisions"}],"predecessor-version":[{"id":320,"href":"https:\/\/truhlarstvitkz.cz\/index.php\/wp-json\/wp\/v2\/pages\/7\/revisions\/320"}],"wp:attachment":[{"href":"https:\/\/truhlarstvitkz.cz\/index.php\/wp-json\/wp\/v2\/media?parent=7"}],"curies":[{"name":"wp","href":"https:\/\/api.w.org\/{rel}","templated":true}]}}